{"id":646,"date":"2014-03-13T14:36:25","date_gmt":"2014-03-13T13:36:25","guid":{"rendered":"http:\/\/www.isanweb.net\/bestcashmall\/?page_id=646"},"modified":"2015-06-22T19:15:46","modified_gmt":"2015-06-22T17:15:46","slug":"proteccion-de-datos-y-aviso-legal","status":"publish","type":"page","link":"https:\/\/pinaz.es\/es\/proteccion-de-datos-y-aviso-legal\/","title":{"rendered":"Protecci\u00f3n de datos y aviso legal"},"content":{"rendered":"<div id=\"imTextObject_1\"><b>Pinaz Ballerinas<\/b><br \/>\nLa p\u00e1gina web de Pinaz Ballerinas tiene por objeto facilitar al p\u00fablico en general, las actividades que realiza y los servicios que presta. Pinaz Ballerinas se reserva la facultad de efectuar, en cualquier momento y sin previo aviso, modificaciones de la informaci\u00f3n contenida en su p\u00e1gina web o en la configuraci\u00f3n y presentaci\u00f3n de esta. Al acceder a esta Web se acepta que Pinaz Ballerinas no ser\u00e1 responsable de consecuencia alguna, da\u00f1o o perjuicio que se deriven de dicho acceso o uso de la informaci\u00f3n de dicha Web o por el acceso a otras materias en Internet a trav\u00e9s de las conexiones con esta p\u00e1gina web. El Copyright del material contenido en esta Web es propiedad de Pinaz Ballerinas. El acceso a \u00e9l no implica licencia para su reproducci\u00f3n y\/o distribuci\u00f3n y no est\u00e1 permitido hacerlo sin el previo consentimiento de Pinaz Ballerinas. Las eventuales referencias que se hagan en la Web de Pinaz Ballerinas a cualquier producto, servicio, proceso, enlace, hipertexto o cualquier informaci\u00f3n utilizando la marca, el nombre comercial o el fabricante o suministrador, etc. que sean titularidad de terceros no constituye o implica respaldo, patrocinio o recomendaci\u00f3n por parte de Pinaz Ballerinas.<\/div>\n<p>&nbsp;<\/p>\n<p><b>Tratamiento de los Datos de Car\u00e1cter Personal<\/b><br \/>\nEn conformidad con la Ley Org\u00e1nica 15\/1999 de 13 de diciembre de Protecci\u00f3n de Datos de Car\u00e1cter Personal (LOPD), los datos suministrados por el Usuario quedar\u00e1n incorporados en un fichero automatizado, el cual ser\u00e1 procesado exclusivamente para la finalidad descrita. Estos se recoger\u00e1n a trav\u00e9s de los formularios correspondientes, los cuales solo contendr\u00e1n los campos imprescindibles para poder prestar el servicio requerido por el Usuario.<br \/>\nLos datos de car\u00e1cter personal ser\u00e1n tratados con el grado de protecci\u00f3n adecuado, seg\u00fan el Real Decreto 1720\/2007 de 21 de diciembre, tom\u00e1ndose las medidas de seguridad necesarias para evitar su alteraci\u00f3n, p\u00e9rdida, tratamiento o acceso no autorizado por parte de terceros que lo puedan utilizar para finalidades distintas para las que han sido solicitados al Usuario. En el caso en que se considere oportuno que se cedan los datos de car\u00e1cter personal a otras entidades, el Usuario ser\u00e1 informado expl\u00edcitamente de la finalidad del fichero, datos cedidos y el nombre y direcci\u00f3n del cesionario, para que d\u00e9 su consentimiento inequ\u00edvoco a este respecto.<br \/>\nFinalmente el Usuario podr\u00e1 ejercer sus derechos de oposici\u00f3n, acceso, rectificaci\u00f3n y cancelaci\u00f3n en cumplimiento de lo establecido en la LOPD, o simplemente para cualquier consulta o comentario personal a este respecto, mediante el env\u00edo de una notificaci\u00f3n de correo electr\u00f3nico a la direcci\u00f3n <a href=\"mailto:info@pinaz.es\" target=\"_blank\">info@pinaz.es<\/a> o comunic\u00e1ndolo por escrito a Pinaz Ballerinas.<\/p>\n","protected":false},"excerpt":{"rendered":"<p>Pinaz Ballerinas La p\u00e1gina web de Pinaz Ballerinas tiene por objeto facilitar al p\u00fablico en general, las actividades que realiza y los servicios que presta. Pinaz Ballerinas se reserva la facultad de efectuar, en cualquier momento y sin previo aviso, modificaciones de la informaci\u00f3n contenida en su p\u00e1gina web o en la configuraci\u00f3n y presentaci\u00f3n &hellip; <\/p>\n<p class=\"link-more\"><a href=\"https:\/\/pinaz.es\/es\/proteccion-de-datos-y-aviso-legal\/\" class=\"more-link\">Continuar leyendo<span class=\"screen-reader-text\"> \u00abProtecci\u00f3n de datos y aviso legal\u00bb<\/span><\/a><\/p>\n","protected":false},"author":1,"featured_media":0,"parent":0,"menu_order":0,"comment_status":"closed","ping_status":"closed","template":"page-fullwidth.php","meta":{"footnotes":""},"class_list":["post-646","page","type-page","status-publish","hentry"],"_links":{"self":[{"href":"https:\/\/pinaz.es\/es\/wp-json\/wp\/v2\/pages\/646","targetHints":{"allow":["GET"]}}],"collection":[{"href":"https:\/\/pinaz.es\/es\/wp-json\/wp\/v2\/pages"}],"about":[{"href":"https:\/\/pinaz.es\/es\/wp-json\/wp\/v2\/types\/page"}],"author":[{"embeddable":true,"href":"https:\/\/pinaz.es\/es\/wp-json\/wp\/v2\/users\/1"}],"replies":[{"embeddable":true,"href":"https:\/\/pinaz.es\/es\/wp-json\/wp\/v2\/comments?post=646"}],"version-history":[{"count":16,"href":"https:\/\/pinaz.es\/es\/wp-json\/wp\/v2\/pages\/646\/revisions"}],"predecessor-version":[{"id":1035,"href":"https:\/\/pinaz.es\/es\/wp-json\/wp\/v2\/pages\/646\/revisions\/1035"}],"wp:attachment":[{"href":"https:\/\/pinaz.es\/es\/wp-json\/wp\/v2\/media?parent=646"}],"curies":[{"name":"wp","href":"https:\/\/api.w.org\/{rel}","templated":true}]}}