{"id":639,"date":"2014-03-13T14:24:27","date_gmt":"2014-03-13T13:24:27","guid":{"rendered":"http:\/\/www.isanweb.net\/bestcashmall\/?page_id=639"},"modified":"2025-03-31T17:17:11","modified_gmt":"2025-03-31T15:17:11","slug":"contacte-con-nosotros","status":"publish","type":"page","link":"https:\/\/pinaz.es\/es\/contacte-con-nosotros\/","title":{"rendered":"Contacte con nosotros"},"content":{"rendered":"Si tiene alguna duda, cualquier pregunta o sugerencia, o necesita informaci\u00f3n sobre cualquiera de nuestros productos, por favor, p\u00f3ngase en contacto con nosotros:<\/p>\n<p><strong>Tel\u00e9fono:\u00a0<\/strong>+34 966 093 265<\/p>\n<p><strong>E-mail:<\/strong> info@pinaz.es<\/p>\n<p><strong>Fax:\u00a0<\/strong>+34 966 093 802<\/p>\n<p>&nbsp;<\/p>\n<p><a href=\"https:\/\/pinaz.es\/wp-content\/uploads\/INFO-UE.png\"><img loading=\"lazy\" decoding=\"async\" class=\"alignleft size-full wp-image-1467\" src=\"https:\/\/pinaz.es\/wp-content\/uploads\/INFO-UE.png\" alt=\"\" width=\"623\" height=\"250\" srcset=\"https:\/\/pinaz.es\/wp-content\/uploads\/INFO-UE.png 623w, https:\/\/pinaz.es\/wp-content\/uploads\/INFO-UE-350x140.png 350w, https:\/\/pinaz.es\/wp-content\/uploads\/INFO-UE-600x241.png 600w\" sizes=\"auto, (max-width: 623px) 100vw, 623px\" \/><\/a><\/p>\n<p style=\"text-align: center;\" align=\"center\"><span style=\"font-family: 'Calibri','sans-serif'; color: black; background: white;\">PROGRAMA DE APOYO A EMPRESAS DE LA REGI\u00d3N DE MURCIA QUE HAN SUFRIDO LOS EFECTOS DE LA PANDEMIA <span class=\"markay1x3yhs6\">COVID<\/span>-19, LINEA <span class=\"markay1x3yhs6\">COVID<\/span>-19 COSTE CERO<\/span><\/p>\n<p align=\"center\"><span style=\"font-family: 'Calibri','sans-serif'; color: black; background: white;\">PINAZ FOOTWEAR, S.L.<\/span><\/p>\n<p style=\"text-align: center;\">PROGRAMA DE AYUDAS A LA INTERNACIONALIZACI\u00d3N DE LAS EMPRESAS.<\/p>\n<p align=\"center\"><span style=\"font-family: 'Calibri','sans-serif'; color: black;\">2018.05.MAKE.0045<\/span><\/p>\n<p align=\"center\"><span style=\"font-family: 'Calibri','sans-serif'; color: black;\">2019.05.MAKE.0019<\/span><\/p>\n<p align=\"center\"><span style=\"font-family: 'Calibri','sans-serif'; color: black;\">2021.05.MAKE.000033<\/span><\/p>\n<p style=\"text-align: center;\" align=\"center\"><span style=\"font-family: 'Calibri','sans-serif'; color: black;\">2020.07.COSI.0138<\/span><\/p>\n<p align=\"center\"><span style=\"font-family: 'Calibri','sans-serif'; color: black; background: white;\">PROYECTO: MEJORA EN LA CALIDAD DEL PROCESO DE MOLDEADO DEL CALZADO<\/span><\/p>\n<p style=\"text-align: center;\">PROGRAMA DE APOYO A INVERSIONES PRODUCTIVAS Y TECNOL\u00d3GICAS.<\/p>\n<p style=\"text-align: center;\">2022.07.IPRO.000058<\/p>\n<p style=\"text-align: center;\">PROGRAMA DE AYUDAS PARA LA PARTICIPACI\u00d3N EN LA MISI\u00d3N COMERCIAL DIRECTA DUBAI CALZADO 2022<\/p>\n<p style=\"text-align: center;\">EXPEDIENTE: 2021.05.MI37.000289<\/p>\n<p style=\"text-align: center;\">PROGRAMA: AYUDAS PARA LA PARTICIPACI\u00d3N EN LA MISI\u00d3N COMERCIAL DIRECTA NEW YORK, SHOWROOM CALZADO Y FERIA FFANY 2022<\/p>\n<p style=\"text-align: center;\">EXPEDIENTE: 2022.05.MI19.000125<\/p>\n<p style=\"text-align: center;\">PROGRAMA DE AYUDAS PARA LA PARTICIPACI\u00d3N EN LA FERIA Y SHOWROOM DE CALZADO AUSTRALIA 2023<\/p>\n<p>EXPEDIENTE: 2022.05.PF16.000132<\/p>\n<p>AYUDAS PARA LA PARTICIPACI\u00d3N EN LA MISI\u00d3N COMERCIAL DIRECTA VISITA A FERIA DE CALZADO ATLANTA SHOE MARKET 2023<\/p>\n<p>EXPEDIENTE: 2022.05.MI20.000157<\/p>\n<p><img loading=\"lazy\" decoding=\"async\" class=\"alignnone size-medium wp-image-1670\" src=\"https:\/\/pinaz.es\/wp-content\/uploads\/logo_UE_color-600x517.png\" alt=\"\" width=\"600\" height=\"517\" srcset=\"https:\/\/pinaz.es\/wp-content\/uploads\/logo_UE_color-600x517.png 600w, https:\/\/pinaz.es\/wp-content\/uploads\/logo_UE_color-768x662.png 768w, https:\/\/pinaz.es\/wp-content\/uploads\/logo_UE_color-350x302.png 350w, https:\/\/pinaz.es\/wp-content\/uploads\/logo_UE_color.png 983w\" sizes=\"auto, (max-width: 600px) 100vw, 600px\" \/> <img loading=\"lazy\" decoding=\"async\" class=\"alignnone size-medium wp-image-1671\" src=\"https:\/\/pinaz.es\/wp-content\/uploads\/logo_Una_manera_de_hacer_Europa_negro-600x89.png\" alt=\"\" width=\"600\" height=\"89\" srcset=\"https:\/\/pinaz.es\/wp-content\/uploads\/logo_Una_manera_de_hacer_Europa_negro-600x89.png 600w, https:\/\/pinaz.es\/wp-content\/uploads\/logo_Una_manera_de_hacer_Europa_negro-1280x189.png 1280w, https:\/\/pinaz.es\/wp-content\/uploads\/logo_Una_manera_de_hacer_Europa_negro-768x113.png 768w, https:\/\/pinaz.es\/wp-content\/uploads\/logo_Una_manera_de_hacer_Europa_negro-1536x227.png 1536w, https:\/\/pinaz.es\/wp-content\/uploads\/logo_Una_manera_de_hacer_Europa_negro-2048x302.png 2048w, https:\/\/pinaz.es\/wp-content\/uploads\/logo_Una_manera_de_hacer_Europa_negro-350x52.png 350w\" sizes=\"auto, (max-width: 600px) 100vw, 600px\" \/><\/p>\n<p style=\"font-weight: 400;\"><strong>Ayudas de apoyo a la promoci\u00f3n exterior de la Comunitat Valenciana para el ejercicio 2023<\/strong><\/p>\n<p style=\"font-weight: 400;\"><strong>EXPEDIENTE INTPRM\/2023\/660<\/strong><\/p>\n<hr \/>\n<p><strong>AYUDAS PARA LA PARTICIPACI\u00d3N EN LA FERIA ATLANTA SHOE MARKET 2024<\/strong><\/p>\n<p><strong>EXPEDIENTE: 2024.05.PF11.000076<\/strong>Si tiene alguna duda, cualquier pregunta o sugerencia, o necesita informaci\u00f3n sobre cualquiera de nuestros productos, por favor, p\u00f3ngase en contacto con nosotros:<\/p>\n<p><strong>Tel\u00e9fono:\u00a0<\/strong>+34 966 093 265<\/p>\n<p><strong>E-mail:<\/strong> info@pinaz.es<\/p>\n<p><strong>Fax:\u00a0<\/strong>+34 966 093 802<\/p>\n<p>&nbsp;<\/p>\n<p><a href=\"https:\/\/pinaz.es\/wp-content\/uploads\/INFO-UE.png\"><img loading=\"lazy\" decoding=\"async\" class=\"alignleft size-full wp-image-1467\" src=\"https:\/\/pinaz.es\/wp-content\/uploads\/INFO-UE.png\" alt=\"\" width=\"623\" height=\"250\" srcset=\"https:\/\/pinaz.es\/wp-content\/uploads\/INFO-UE.png 623w, https:\/\/pinaz.es\/wp-content\/uploads\/INFO-UE-350x140.png 350w, https:\/\/pinaz.es\/wp-content\/uploads\/INFO-UE-600x241.png 600w\" sizes=\"auto, (max-width: 623px) 100vw, 623px\" \/><\/a><\/p>\n<p style=\"text-align: center;\" align=\"center\"><span style=\"font-family: 'Calibri','sans-serif'; color: black; background: white;\">PROGRAMA DE APOYO A EMPRESAS DE LA REGI\u00d3N DE MURCIA QUE HAN SUFRIDO LOS EFECTOS DE LA PANDEMIA <span class=\"markay1x3yhs6\">COVID<\/span>-19, LINEA <span class=\"markay1x3yhs6\">COVID<\/span>-19 COSTE CERO<\/span><\/p>\n<p align=\"center\"><span style=\"font-family: 'Calibri','sans-serif'; color: black; background: white;\">PINAZ FOOTWEAR, S.L.<\/span><\/p>\n<p style=\"text-align: center;\">PROGRAMA DE AYUDAS A LA INTERNACIONALIZACI\u00d3N DE LAS EMPRESAS.<\/p>\n<p align=\"center\"><span style=\"font-family: 'Calibri','sans-serif'; color: black;\">2018.05.MAKE.0045<\/span><\/p>\n<p align=\"center\"><span style=\"font-family: 'Calibri','sans-serif'; color: black;\">2019.05.MAKE.0019<\/span><\/p>\n<p align=\"center\"><span style=\"font-family: 'Calibri','sans-serif'; color: black;\">2021.05.MAKE.000033<\/span><\/p>\n<p style=\"text-align: center;\" align=\"center\"><span style=\"font-family: 'Calibri','sans-serif'; color: black;\">2020.07.COSI.0138<\/span><\/p>\n<p align=\"center\"><span style=\"font-family: 'Calibri','sans-serif'; color: black; background: white;\">PROYECTO: MEJORA EN LA CALIDAD DEL PROCESO DE MOLDEADO DEL CALZADO<\/span><\/p>\n<p style=\"text-align: center;\">PROGRAMA DE APOYO A INVERSIONES PRODUCTIVAS Y TECNOL\u00d3GICAS.<\/p>\n<p style=\"text-align: center;\">2022.07.IPRO.000058<\/p>\n<p style=\"text-align: center;\">PROGRAMA DE AYUDAS PARA LA PARTICIPACI\u00d3N EN LA MISI\u00d3N COMERCIAL DIRECTA DUBAI CALZADO 2022<\/p>\n<p style=\"text-align: center;\">EXPEDIENTE: 2021.05.MI37.000289<\/p>\n<p style=\"text-align: center;\">PROGRAMA: AYUDAS PARA LA PARTICIPACI\u00d3N EN LA MISI\u00d3N COMERCIAL DIRECTA NEW YORK, SHOWROOM CALZADO Y FERIA FFANY 2022<\/p>\n<p style=\"text-align: center;\">EXPEDIENTE: 2022.05.MI19.000125<\/p>\n<p style=\"text-align: center;\">PROGRAMA DE AYUDAS PARA LA PARTICIPACI\u00d3N EN LA FERIA Y SHOWROOM DE CALZADO AUSTRALIA 2023<\/p>\n<p>EXPEDIENTE: 2022.05.PF16.000132<\/p>\n<p>AYUDAS PARA LA PARTICIPACI\u00d3N EN LA MISI\u00d3N COMERCIAL DIRECTA VISITA A FERIA DE CALZADO ATLANTA SHOE MARKET 2023<\/p>\n<p>EXPEDIENTE: 2022.05.MI20.000157<\/p>\n<p><img loading=\"lazy\" decoding=\"async\" class=\"alignnone size-medium wp-image-1670\" src=\"https:\/\/pinaz.es\/wp-content\/uploads\/logo_UE_color-600x517.png\" alt=\"\" width=\"600\" height=\"517\" srcset=\"https:\/\/pinaz.es\/wp-content\/uploads\/logo_UE_color-600x517.png 600w, https:\/\/pinaz.es\/wp-content\/uploads\/logo_UE_color-768x662.png 768w, https:\/\/pinaz.es\/wp-content\/uploads\/logo_UE_color-350x302.png 350w, https:\/\/pinaz.es\/wp-content\/uploads\/logo_UE_color.png 983w\" sizes=\"auto, (max-width: 600px) 100vw, 600px\" \/> <img loading=\"lazy\" decoding=\"async\" class=\"alignnone size-medium wp-image-1671\" src=\"https:\/\/pinaz.es\/wp-content\/uploads\/logo_Una_manera_de_hacer_Europa_negro-600x89.png\" alt=\"\" width=\"600\" height=\"89\" srcset=\"https:\/\/pinaz.es\/wp-content\/uploads\/logo_Una_manera_de_hacer_Europa_negro-600x89.png 600w, https:\/\/pinaz.es\/wp-content\/uploads\/logo_Una_manera_de_hacer_Europa_negro-1280x189.png 1280w, https:\/\/pinaz.es\/wp-content\/uploads\/logo_Una_manera_de_hacer_Europa_negro-768x113.png 768w, https:\/\/pinaz.es\/wp-content\/uploads\/logo_Una_manera_de_hacer_Europa_negro-1536x227.png 1536w, https:\/\/pinaz.es\/wp-content\/uploads\/logo_Una_manera_de_hacer_Europa_negro-2048x302.png 2048w, https:\/\/pinaz.es\/wp-content\/uploads\/logo_Una_manera_de_hacer_Europa_negro-350x52.png 350w\" sizes=\"auto, (max-width: 600px) 100vw, 600px\" \/><\/p>\n<p style=\"font-weight: 400;\"><strong>Ayudas de apoyo a la promoci\u00f3n exterior de la Comunitat Valenciana para el ejercicio 2023<\/strong><\/p>\n<p style=\"font-weight: 400;\"><strong>EXPEDIENTE INTPRM\/2023\/660<\/strong><\/p>\n<hr \/>\n<p><strong>AYUDAS PARA LA PARTICIPACI\u00d3N EN LA FERIA ATLANTA SHOE MARKET 2024<\/strong><\/p>\n<p><strong>EXPEDIENTE: 2024.05.PF11.000076<\/strong><\/p>\n<p><img loading=\"lazy\" decoding=\"async\" class=\"alignnone size-medium wp-image-1698\" src=\"https:\/\/pinaz.es\/wp-content\/uploads\/cabecera-600x116.jpg\" alt=\"\" width=\"600\" height=\"116\" srcset=\"https:\/\/pinaz.es\/wp-content\/uploads\/cabecera-600x116.jpg 600w, https:\/\/pinaz.es\/wp-content\/uploads\/cabecera-768x149.jpg 768w, https:\/\/pinaz.es\/wp-content\/uploads\/cabecera-350x68.jpg 350w, https:\/\/pinaz.es\/wp-content\/uploads\/cabecera.jpg 800w\" sizes=\"auto, (max-width: 600px) 100vw, 600px\" \/><\/p>\n<p>PINAZ FOOTWEAR, S.L. HA SIDO BENEFICIARIA DEL PROGRAMA DE AYUDAS DEL INSTITUTO DE FOMENTO DE LA REGI\u00d3N DE MURCIA PARA LA PARTICIPACI\u00d3N EN LA FERIA DE ATLANTA SHOE MARKET 2024,<\/p>\n<p>COFINANCIADO POR EL FONDO EUROPEO DE DESARROLLO REGIONAL<\/p>\n<p>EXPEDIENTE: 2024.05.PF11.000076<\/p>\n<p>&nbsp;<\/p>\n<p>(Participaci\u00f3n como expositor a la feria internacional de calzado<br \/>\nSHOE MARKET 2024 en Atlata (EEUU))","protected":false},"excerpt":{"rendered":"<p>Si tiene alguna duda, cualquier pregunta o sugerencia, o necesita informaci\u00f3n sobre cualquiera de nuestros productos, por favor, p\u00f3ngase en contacto con nosotros: Tel\u00e9fono:\u00a0+34 966 093 265 E-mail: info@pinaz.es Fax:\u00a0+34 966 093 802 &nbsp; PROGRAMA DE APOYO A EMPRESAS DE LA REGI\u00d3N DE MURCIA QUE HAN SUFRIDO LOS EFECTOS DE LA PANDEMIA COVID-19, LINEA COVID-19 &hellip; <\/p>\n<p class=\"link-more\"><a href=\"https:\/\/pinaz.es\/es\/contacte-con-nosotros\/\" class=\"more-link\">Continuar leyendo<span class=\"screen-reader-text\"> \u00abContacte con nosotros\u00bb<\/span><\/a><\/p>\n","protected":false},"author":1,"featured_media":0,"parent":0,"menu_order":0,"comment_status":"closed","ping_status":"closed","template":"","meta":{"footnotes":""},"class_list":["post-639","page","type-page","status-publish","hentry"],"_links":{"self":[{"href":"https:\/\/pinaz.es\/es\/wp-json\/wp\/v2\/pages\/639","targetHints":{"allow":["GET"]}}],"collection":[{"href":"https:\/\/pinaz.es\/es\/wp-json\/wp\/v2\/pages"}],"about":[{"href":"https:\/\/pinaz.es\/es\/wp-json\/wp\/v2\/types\/page"}],"author":[{"embeddable":true,"href":"https:\/\/pinaz.es\/es\/wp-json\/wp\/v2\/users\/1"}],"replies":[{"embeddable":true,"href":"https:\/\/pinaz.es\/es\/wp-json\/wp\/v2\/comments?post=639"}],"version-history":[{"count":68,"href":"https:\/\/pinaz.es\/es\/wp-json\/wp\/v2\/pages\/639\/revisions"}],"predecessor-version":[{"id":1702,"href":"https:\/\/pinaz.es\/es\/wp-json\/wp\/v2\/pages\/639\/revisions\/1702"}],"wp:attachment":[{"href":"https:\/\/pinaz.es\/es\/wp-json\/wp\/v2\/media?parent=639"}],"curies":[{"name":"wp","href":"https:\/\/api.w.org\/{rel}","templated":true}]}}