{"id":214,"date":"2013-09-16T10:12:47","date_gmt":"2013-09-16T10:12:47","guid":{"rendered":"http:\/\/alen-pc\/magnolia\/?page_id=2"},"modified":"2022-06-30T12:35:36","modified_gmt":"2022-06-30T11:35:36","slug":"home-page","status":"publish","type":"page","link":"https:\/\/pinaz.es\/es\/","title":{"rendered":"Sobre nosotros"},"content":{"rendered":"<p style=\"text-align: left;\">Pinaz Footwear es una empresa fundada en el a\u00f1o 1982 con sede en Caravaca de la Cruz (Murcia)- Espa\u00f1a\u00a0 y con delegaci\u00f3n el Elche (Alicante)- Espa\u00f1a, nos dedicamos a la producci\u00f3n de calzado de se\u00f1ora de calidad con precios altamente competitivos\u00a0 utilizando <strong>materiales distintivos<\/strong>, flexibles y de excelente terminaci\u00f3n, que permiten que todos nuestros modelos sean ligeros, duraderos y confortables.<\/p>\n<p>Nuestra experiencia adquirida a lo largo de los a\u00f1os, nos garantiza como productores l\u00edderes en el mercado de espadrilles de yute y c\u00f3modas sandalias.<\/p>\n<p>En Pinaz deseamos que encuentre un colaborador para sus proyectos, ofreciendo fabricaci\u00f3n a medida de las necesidades de los clientes.","protected":false},"excerpt":{"rendered":"<p>Pinaz Footwear es una empresa fundada en el a\u00f1o 1982 con sede en Caravaca de la Cruz (Murcia)- Espa\u00f1a\u00a0 y con delegaci\u00f3n el Elche (Alicante)- Espa\u00f1a, nos dedicamos a la producci\u00f3n de calzado de se\u00f1ora de calidad con precios altamente competitivos\u00a0 utilizando materiales distintivos, flexibles y de excelente terminaci\u00f3n, que permiten que todos nuestros modelos &hellip; <\/p>\n<p class=\"link-more\"><a href=\"https:\/\/pinaz.es\/es\/\" class=\"more-link\">Continuar leyendo<span class=\"screen-reader-text\"> \u00abSobre nosotros\u00bb<\/span><\/a><\/p>\n","protected":false},"author":1,"featured_media":0,"parent":0,"menu_order":0,"comment_status":"closed","ping_status":"closed","template":"","meta":{"footnotes":""},"class_list":["post-214","page","type-page","status-publish","hentry"],"_links":{"self":[{"href":"https:\/\/pinaz.es\/es\/wp-json\/wp\/v2\/pages\/214","targetHints":{"allow":["GET"]}}],"collection":[{"href":"https:\/\/pinaz.es\/es\/wp-json\/wp\/v2\/pages"}],"about":[{"href":"https:\/\/pinaz.es\/es\/wp-json\/wp\/v2\/types\/page"}],"author":[{"embeddable":true,"href":"https:\/\/pinaz.es\/es\/wp-json\/wp\/v2\/users\/1"}],"replies":[{"embeddable":true,"href":"https:\/\/pinaz.es\/es\/wp-json\/wp\/v2\/comments?post=214"}],"version-history":[{"count":39,"href":"https:\/\/pinaz.es\/es\/wp-json\/wp\/v2\/pages\/214\/revisions"}],"predecessor-version":[{"id":1641,"href":"https:\/\/pinaz.es\/es\/wp-json\/wp\/v2\/pages\/214\/revisions\/1641"}],"wp:attachment":[{"href":"https:\/\/pinaz.es\/es\/wp-json\/wp\/v2\/media?parent=214"}],"curies":[{"name":"wp","href":"https:\/\/api.w.org\/{rel}","templated":true}]}}